{"id":3310,"date":"2022-05-09T12:21:36","date_gmt":"2022-05-09T11:21:36","guid":{"rendered":"https:\/\/www.integrapirineus.com\/equip-huma\/"},"modified":"2026-05-05T13:00:06","modified_gmt":"2026-05-05T12:00:06","slug":"equipo","status":"publish","type":"page","link":"https:\/\/www.integrapirineus.com\/es\/equipo\/","title":{"rendered":"EQUIPO"},"content":{"rendered":"<p>[et_pb_section fb_built=\u00bb1&#8243; admin_label=\u00bbsection\u00bb _builder_version=\u00bb4.16&#8243; custom_padding=\u00bb30px|0px|30px|0px\u00bb transparent_background=\u00bboff\u00bb padding_mobile=\u00bboff\u00bb make_fullwidth=\u00bboff\u00bb use_custom_width=\u00bboff\u00bb width_unit=\u00bboff\u00bb custom_width_px=\u00bb1080px\u00bb custom_width_percent=\u00bb80%\u00bb global_colors_info=\u00bb{}\u00bb][et_pb_row column_structure=\u00bb1_2,1_2&#8243; padding_mobile=\u00bboff\u00bb column_padding_mobile=\u00bbon\u00bb admin_label=\u00bbrow\u00bb _builder_version=\u00bb4.16&#8243; background_size=\u00bbinitial\u00bb background_position=\u00bbtop_left\u00bb background_repeat=\u00bbrepeat\u00bb custom_padding=\u00bb27px|0px|0px|0px\u00bb custom_css_main_element=\u00bbborder-bottom: solid 1px #cacaca\u00bb make_fullwidth=\u00bboff\u00bb use_custom_width=\u00bboff\u00bb width_unit=\u00bboff\u00bb custom_width_px=\u00bb1080px\u00bb custom_width_percent=\u00bb80%\u00bb global_colors_info=\u00bb{}\u00bb][et_pb_column type=\u00bb1_2&#8243; _builder_version=\u00bb4.16&#8243; custom_padding=\u00bb|||\u00bb global_colors_info=\u00bb{}\u00bb custom_padding__hover=\u00bb|||\u00bb][et_pb_post_title meta=\u00bboff\u00bb featured_image=\u00bboff\u00bb admin_label=\u00bbPost Title\u00bb _builder_version=\u00bb4.16&#8243; title_font=\u00bbDosis||||\u00bb title_text_color=\u00bb#f39c0e\u00bb title_all_caps=\u00bboff\u00bb parallax=\u00bbon\u00bb parallax_method=\u00bboff\u00bb parallax_effect=\u00bbon\u00bb use_border_color=\u00bboff\u00bb border_color=\u00bb#ffffff\u00bb border_width=\u00bb1px\u00bb border_style=\u00bbsolid\u00bb global_colors_info=\u00bb{}\u00bb] [\/et_pb_post_title][\/et_pb_column][et_pb_column type=\u00bb1_2&#8243; _builder_version=\u00bb4.16&#8243; custom_padding=\u00bb|||\u00bb global_colors_info=\u00bb{}\u00bb custom_padding__hover=\u00bb|||\u00bb][\/et_pb_column][\/et_pb_row][et_pb_row column_structure=\u00bb1_2,1_2&#8243; _builder_version=\u00bb4.16&#8243; _module_preset=\u00bbdefault\u00bb global_colors_info=\u00bb{}\u00bb][et_pb_column type=\u00bb1_2&#8243; _builder_version=\u00bb4.16&#8243; _module_preset=\u00bbdefault\u00bb global_colors_info=\u00bb{}\u00bb][et_pb_text _builder_version=\u00bb4.16&#8243; _module_preset=\u00bbdefault\u00bb header_4_font=\u00bbDosis|700|||||||\u00bb header_4_text_color=\u00bb#F49D16&#8243; header_4_font_size=\u00bb22px\u00bb header_5_font=\u00bb|700|||||||\u00bb header_5_text_color=\u00bb#F49D16&#8243; global_colors_info=\u00bb{}\u00bb]<\/p>\n<h4><b>Direcci\u00f3n:<\/b><\/h4>\n<p><b>Urgell Escrib\u00e0 Trota<\/b><\/p>\n<p>[\/et_pb_text][et_pb_text admin_label=\u00bbTexto\u00bb _builder_version=\u00bb4.25.1&#8243; _module_preset=\u00bbdefault\u00bb header_4_font=\u00bbDosis|700|||||||\u00bb header_4_text_color=\u00bb#F49D16&#8243; header_4_font_size=\u00bb22px\u00bb header_5_font=\u00bb|700|||||||\u00bb header_5_text_color=\u00bb#F49D16&#8243; global_colors_info=\u00bb{}\u00bb]<\/p>\n<h4><b>\u00c0rea laboral:<\/b><\/h4>\n<p><b>Aida Mart\u00ednez Cardona<\/p>\n<p><span data-olk-copy-source=\"MessageBody\">Leila Caralps Souza<\/span><\/b><\/p>\n<h4>\u200b<\/h4>\n<p>[\/et_pb_text][et_pb_text _builder_version=\u00bb4.16&#8243; _module_preset=\u00bbdefault\u00bb header_4_font=\u00bbDosis|700|||||||\u00bb header_4_text_color=\u00bb#F49D16&#8243; header_4_font_size=\u00bb22px\u00bb header_5_font=\u00bb|700|||||||\u00bb header_5_text_color=\u00bb#F49D16&#8243; global_colors_info=\u00bb{}\u00bb]<\/p>\n<h4><span>Contabilidad y administraci\u00f3n:<\/span><\/h4>\n<p><strong style=\"font-size: 14px;\">Ester Gispert Portella<\/strong><\/p>\n<p><strong style=\"font-size: 14px;\">Thatiana Viana Mu\u00f1oz<\/strong><\/p>\n<p>[\/et_pb_text][et_pb_text admin_label=\u00bbTexto\u00bb _builder_version=\u00bb4.16&#8243; _module_preset=\u00bbdefault\u00bb header_4_font=\u00bbDosis|700|||||||\u00bb header_4_text_color=\u00bb#F49D16&#8243; header_4_font_size=\u00bb22px\u00bb header_5_font=\u00bb|700|||||||\u00bb header_5_text_color=\u00bb#F49D16&#8243; global_colors_info=\u00bb{}\u00bb]<\/p>\n<h4>\u00c1rea\u00a0Sociolaboral:<\/h4>\n<p><b>Alba Enrich Sanlorien<\/b><\/p>\n<p class=\"v1MsoNormal\"><b>Georgina Marinel\u00b7lo L\u00f3pez-Grado<\/b><\/p>\n<p class=\"v1MsoNormal\"><b>Laura Mu\u00f1oz Mart\u00ednez<\/b><\/p>\n<p class=\"v1MsoNormal\"><b>Cristina Obiols Rodr\u00edguez<\/b><\/p>\n<p><b>Paula Ochoa Velasco\u00a0<\/b><\/p>\n<p><b>N\u00faria Tarruella Vil\u00e0\u00a0<\/b><\/p>\n<p class=\"v1MsoNormal\"><b>N\u00faria Turet Subirana<\/b><\/p>\n<p>[\/et_pb_text][et_pb_text admin_label=\u00bbTexto\u00bb _builder_version=\u00bb4.16&#8243; _module_preset=\u00bbdefault\u00bb header_4_font=\u00bbDosis|700|||||||\u00bb header_4_text_color=\u00bb#F49D16&#8243; header_4_font_size=\u00bb22px\u00bb header_5_font=\u00bb|700|||||||\u00bb header_5_text_color=\u00bb#F49D16&#8243; custom_margin=\u00bb||19px|||\u00bb global_colors_info=\u00bb{}\u00bb]<\/p>\n<h4>\u00c1rea social:<\/h4>\n<p class=\"v1MsoNormal\"><b>Mireia Casas Carre\u00f1o <\/p>\n<p>Sara Mart\u00edn Venzal<\/b><\/p>\n<p class=\"v1MsoNormal\"><b><\/b><b>Marta Mart\u00ednez Canton<\/b><\/p>\n<p><b>N\u00faria <span data-olk-copy-source=\"MessageBody\">Marquet Vidal<\/span><\/b><\/p>\n<p><b>Jana Pellicer Mir\u00f3<\/b><\/p>\n<p><strong>Anna Puig Camprub\u00ed<\/strong><\/p>\n<p><b><strong>N\u00e0lia Sol\u00e9 Leclerc<\/strong><br \/><\/b><\/p>\n<p><b>Carme Torn\u00e9 Oliv\u00e9<\/b><\/p>\n<p>[\/et_pb_text][et_pb_text admin_label=\u00bbTexto\u00bb _builder_version=\u00bb4.16&#8243; _module_preset=\u00bbdefault\u00bb header_4_font=\u00bbDosis|700|||||||\u00bb header_4_text_color=\u00bb#F49D16&#8243; header_4_font_size=\u00bb22px\u00bb header_5_font=\u00bb|700|||||||\u00bb header_5_text_color=\u00bb#F49D16&#8243; global_colors_info=\u00bb{}\u00bb]<\/p>\n<h4><b>Comunicaci\u00f3n:<\/b><\/h4>\n<p><b>Eva M\u00farcia Soler<\/b><\/p>\n<p>[\/et_pb_text][et_pb_text _builder_version=\u00bb4.16&#8243; _module_preset=\u00bbdefault\u00bb header_4_font=\u00bbDosis|700|||||||\u00bb header_4_text_color=\u00bb#F49D16&#8243; header_4_font_size=\u00bb22px\u00bb header_5_font=\u00bb|700|||||||\u00bb header_5_text_color=\u00bb#F49D16&#8243; global_colors_info=\u00bb{}\u00bb]<\/p>\n<h4>Trabajos forestales y jardiner\u00eda:<\/h4>\n<p class=\"v1msonormal\"><b>Carlos Alarc\u00f3n Berm\u00fadez<\/b><\/p>\n<p class=\"v1msonormal\"><b>Juan Antonio Ar\u00e9valo V\u00e1zquez<\/b><\/p>\n<p class=\"v1msonormal\"><b>Guillem Escrib\u00e0 Lavado<\/b><\/p>\n<p class=\"v1msonormal\"><b>Albert Fern\u00e1ndez Ben\u00edtez<\/b><\/p>\n<p class=\"v1msonormal\"><b>Gerard Gau Pujol<\/b><\/p>\n<p class=\"v1msonormal\"><b>Vicente Francisco Hern\u00e1ndez Rivero<\/b><\/p>\n<p><b>Dami\u00e1n Linares V\u00e1zquez<\/b><\/p>\n<p><b>Ebrima Mangarah Mangarah\u00a0<\/b><\/p>\n<p><b>Abdoulie Mariga<\/b><\/p>\n<p><b>Alejandro Mas Valls<\/b><\/p>\n<p class=\"v1msonormal\"><b>Josep M. Pujol Maronda<\/b><\/p>\n<p class=\"v1msonormal\"><b><span class=\"markx91gagufq\" data-markjs=\"true\" data-ogac=\"\" data-ogab=\"\" data-ogsc=\"\" data-ogsb=\"\" data-olk-copy-source=\"MessageBody\">Agust\u00ed Porta Grau <\/span><\/b><\/p>\n<p class=\"v1msonormal\"><b><span class=\"markx91gagufq\" data-markjs=\"true\" data-ogac=\"\" data-ogab=\"\" data-ogsc=\"\" data-ogsb=\"\" data-olk-copy-source=\"MessageBody\">Saulo<\/span> Pujol\u00e0s Puigdom\u00e8nech<\/b><\/p>\n<p><b>Dani Roqu\u00e9 G\u00f3mez<\/b><\/p>\n<p class=\"v1msonormal\"><b>Esteve Tarr\u00e9s Tarr\u00e9s<\/b><\/p>\n<p class=\"v1msonormal\"><b>Daniel Marcelo Vivas Sala<\/b><\/p>\n<p>[\/et_pb_text][et_pb_text _builder_version=\u00bb4.25.1&#8243; _module_preset=\u00bbdefault\u00bb header_4_font=\u00bbDosis|700|||||||\u00bb header_4_text_color=\u00bb#F49D16&#8243; header_4_font_size=\u00bb22px\u00bb header_5_font=\u00bb|700|||||||\u00bb header_5_text_color=\u00bb#F49D16&#8243; global_colors_info=\u00bb{}\u00bb]<\/p>\n<h4>Prestaci\u00f3n de otros servicios:<\/h4>\n<p><b>Nil Capdevila Colom<\/b><\/p>\n<p><strong>Miquel \u00c0ngel Diaz Molins<\/strong><\/p>\n<p><strong>Pere Garcia Ricart<\/strong><\/p>\n<p><b>Arnau Fuentes Inglada <\/b><\/p>\n<p><b>Daniel L\u00f3pez Becerra<\/b><\/p>\n<p class=\"v1MsoListParagraph\"><strong><span lang=\"CA\">Javier Martos Miguelsanz<\/span><\/strong><\/p>\n<p><strong>Josep Moncus\u00ed Domingo<\/strong><\/p>\n<p class=\"v1MsoListParagraph\"><strong><span lang=\"CA\">Rosa Mari Rodr\u00edguez Masip<\/span><\/strong><\/p>\n<p><strong><span lang=\"CA\">Adri\u00e0 Rubio Ribes\u00a0<\/span><\/strong><\/p>\n<p>[\/et_pb_text][\/et_pb_column][et_pb_column type=\u00bb1_2&#8243; _builder_version=\u00bb4.16&#8243; _module_preset=\u00bbdefault\u00bb global_colors_info=\u00bb{}\u00bb][et_pb_image src=\u00bbhttps:\/\/www.integrapirineus.com\/wp-content\/uploads\/2021\/11\/serveis.png\u00bb title_text=\u00bbserveis\u00bb _builder_version=\u00bb4.16&#8243; _module_preset=\u00bbdefault\u00bb global_colors_info=\u00bb{}\u00bb][\/et_pb_image][\/et_pb_column][\/et_pb_row][\/et_pb_section]<\/p>\n","protected":false},"excerpt":{"rendered":"<p>Direcci\u00f3n: Urgell Escrib\u00e0 Trota\u00c0rea laboral: Aida Mart\u00ednez Cardona Leila Caralps Souza \u200bContabilidad y administraci\u00f3n: Ester Gispert Portella Thatiana Viana Mu\u00f1oz\u00c1rea\u00a0Sociolaboral: Alba Enrich Sanlorien Georgina Marinel\u00b7lo L\u00f3pez-Grado Laura Mu\u00f1oz Mart\u00ednez Cristina Obiols Rodr\u00edguez Paula Ochoa Velasco\u00a0 N\u00faria Tarruella Vil\u00e0\u00a0 N\u00faria Turet Subirana\u00c1rea social: Mireia Casas Carre\u00f1o Sara Mart\u00edn Venzal Marta Mart\u00ednez Canton N\u00faria Marquet Vidal Jana [&hellip;]<\/p>\n","protected":false},"author":1,"featured_media":0,"parent":0,"menu_order":0,"comment_status":"closed","ping_status":"closed","template":"","meta":{"_et_pb_use_builder":"on","_et_pb_old_content":"","_et_gb_content_width":"","_monsterinsights_skip_tracking":false,"_monsterinsights_sitenote_active":false,"_monsterinsights_sitenote_note":"","_monsterinsights_sitenote_category":0,"footnotes":""},"class_list":["post-3310","page","type-page","status-publish","hentry"],"yoast_head":"<!-- This site is optimized with the Yoast SEO plugin v27.6 - https:\/\/yoast.com\/product\/yoast-seo-wordpress\/ -->\n<title>EQUIPO - Integra Pirineus<\/title>\n<meta name=\"robots\" content=\"index, follow, max-snippet:-1, max-image-preview:large, max-video-preview:-1\" \/>\n<link rel=\"canonical\" href=\"https:\/\/www.integrapirineus.com\/equip-huma\/\" \/>\n<meta property=\"og:locale\" content=\"es_ES\" \/>\n<meta property=\"og:type\" content=\"article\" \/>\n<meta property=\"og:title\" content=\"EQUIPO - Integra Pirineus\" \/>\n<meta property=\"og:description\" content=\"Direcci\u00f3n: Urgell Escrib\u00e0 Trota\u00c0rea laboral: Aida Mart\u00ednez Cardona Leila Caralps Souza \u200bContabilidad y administraci\u00f3n: Ester Gispert Portella Thatiana Viana Mu\u00f1oz\u00c1rea\u00a0Sociolaboral: Alba Enrich Sanlorien Georgina Marinel\u00b7lo L\u00f3pez-Grado Laura Mu\u00f1oz Mart\u00ednez Cristina Obiols Rodr\u00edguez Paula Ochoa Velasco\u00a0 N\u00faria Tarruella Vil\u00e0\u00a0 N\u00faria Turet Subirana\u00c1rea social: Mireia Casas Carre\u00f1o Sara Mart\u00edn Venzal Marta Mart\u00ednez Canton N\u00faria Marquet Vidal Jana [&hellip;]\" \/>\n<meta property=\"og:url\" content=\"https:\/\/www.integrapirineus.com\/equip-huma\/\" \/>\n<meta property=\"og:site_name\" content=\"Integra Pirineus\" \/>\n<meta property=\"article:publisher\" content=\"https:\/\/www.facebook.com\/Integra-Pirineus-548356058558016\/\" \/>\n<meta property=\"article:modified_time\" content=\"2026-05-05T12:00:06+00:00\" \/>\n<meta name=\"twitter:card\" content=\"summary_large_image\" \/>\n<meta name=\"twitter:label1\" content=\"Tiempo de lectura\" \/>\n\t<meta name=\"twitter:data1\" content=\"2 minutos\" \/>\n<script type=\"application\/ld+json\" class=\"yoast-schema-graph\">{\"@context\":\"https:\\\/\\\/schema.org\",\"@graph\":[{\"@type\":\"WebPage\",\"@id\":\"https:\\\/\\\/www.integrapirineus.com\\\/equip-huma\\\/\",\"url\":\"https:\\\/\\\/www.integrapirineus.com\\\/equip-huma\\\/\",\"name\":\"EQUIPO - Integra Pirineus\",\"isPartOf\":{\"@id\":\"https:\\\/\\\/www.integrapirineus.com\\\/#website\"},\"datePublished\":\"2022-05-09T11:21:36+00:00\",\"dateModified\":\"2026-05-05T12:00:06+00:00\",\"breadcrumb\":{\"@id\":\"https:\\\/\\\/www.integrapirineus.com\\\/equip-huma\\\/#breadcrumb\"},\"inLanguage\":\"es\",\"potentialAction\":[{\"@type\":\"ReadAction\",\"target\":[\"https:\\\/\\\/www.integrapirineus.com\\\/equip-huma\\\/\"]}]},{\"@type\":\"BreadcrumbList\",\"@id\":\"https:\\\/\\\/www.integrapirineus.com\\\/equip-huma\\\/#breadcrumb\",\"itemListElement\":[{\"@type\":\"ListItem\",\"position\":1,\"name\":\"Inici\",\"item\":\"https:\\\/\\\/www.integrapirineus.com\\\/\"},{\"@type\":\"ListItem\",\"position\":2,\"name\":\"EQUIPO\"}]},{\"@type\":\"WebSite\",\"@id\":\"https:\\\/\\\/www.integrapirineus.com\\\/#website\",\"url\":\"https:\\\/\\\/www.integrapirineus.com\\\/\",\"name\":\"Integra Pirineus\",\"description\":\"Inserci\u00f3 Social i Laboral\",\"publisher\":{\"@id\":\"https:\\\/\\\/www.integrapirineus.com\\\/#organization\"},\"potentialAction\":[{\"@type\":\"SearchAction\",\"target\":{\"@type\":\"EntryPoint\",\"urlTemplate\":\"https:\\\/\\\/www.integrapirineus.com\\\/?s={search_term_string}\"},\"query-input\":{\"@type\":\"PropertyValueSpecification\",\"valueRequired\":true,\"valueName\":\"search_term_string\"}}],\"inLanguage\":\"es\"},{\"@type\":\"Organization\",\"@id\":\"https:\\\/\\\/www.integrapirineus.com\\\/#organization\",\"name\":\"Integra Pirineus\",\"url\":\"https:\\\/\\\/www.integrapirineus.com\\\/\",\"logo\":{\"@type\":\"ImageObject\",\"inLanguage\":\"es\",\"@id\":\"https:\\\/\\\/www.integrapirineus.com\\\/#\\\/schema\\\/logo\\\/image\\\/\",\"url\":\"http:\\\/\\\/www.integrapirineus.com\\\/wp-content\\\/uploads\\\/2017\\\/09\\\/QUI_SOM_LOGO.jpg\",\"contentUrl\":\"http:\\\/\\\/www.integrapirineus.com\\\/wp-content\\\/uploads\\\/2017\\\/09\\\/QUI_SOM_LOGO.jpg\",\"width\":378,\"height\":192,\"caption\":\"Integra Pirineus\"},\"image\":{\"@id\":\"https:\\\/\\\/www.integrapirineus.com\\\/#\\\/schema\\\/logo\\\/image\\\/\"},\"sameAs\":[\"https:\\\/\\\/www.facebook.com\\\/Integra-Pirineus-548356058558016\\\/\"]}]}<\/script>\n<!-- \/ Yoast SEO plugin. -->","yoast_head_json":{"title":"EQUIPO - Integra Pirineus","robots":{"index":"index","follow":"follow","max-snippet":"max-snippet:-1","max-image-preview":"max-image-preview:large","max-video-preview":"max-video-preview:-1"},"canonical":"https:\/\/www.integrapirineus.com\/equip-huma\/","og_locale":"es_ES","og_type":"article","og_title":"EQUIPO - Integra Pirineus","og_description":"Direcci\u00f3n: Urgell Escrib\u00e0 Trota\u00c0rea laboral: Aida Mart\u00ednez Cardona Leila Caralps Souza \u200bContabilidad y administraci\u00f3n: Ester Gispert Portella Thatiana Viana Mu\u00f1oz\u00c1rea\u00a0Sociolaboral: Alba Enrich Sanlorien Georgina Marinel\u00b7lo L\u00f3pez-Grado Laura Mu\u00f1oz Mart\u00ednez Cristina Obiols Rodr\u00edguez Paula Ochoa Velasco\u00a0 N\u00faria Tarruella Vil\u00e0\u00a0 N\u00faria Turet Subirana\u00c1rea social: Mireia Casas Carre\u00f1o Sara Mart\u00edn Venzal Marta Mart\u00ednez Canton N\u00faria Marquet Vidal Jana [&hellip;]","og_url":"https:\/\/www.integrapirineus.com\/equip-huma\/","og_site_name":"Integra Pirineus","article_publisher":"https:\/\/www.facebook.com\/Integra-Pirineus-548356058558016\/","article_modified_time":"2026-05-05T12:00:06+00:00","twitter_card":"summary_large_image","twitter_misc":{"Tiempo de lectura":"2 minutos"},"schema":{"@context":"https:\/\/schema.org","@graph":[{"@type":"WebPage","@id":"https:\/\/www.integrapirineus.com\/equip-huma\/","url":"https:\/\/www.integrapirineus.com\/equip-huma\/","name":"EQUIPO - Integra Pirineus","isPartOf":{"@id":"https:\/\/www.integrapirineus.com\/#website"},"datePublished":"2022-05-09T11:21:36+00:00","dateModified":"2026-05-05T12:00:06+00:00","breadcrumb":{"@id":"https:\/\/www.integrapirineus.com\/equip-huma\/#breadcrumb"},"inLanguage":"es","potentialAction":[{"@type":"ReadAction","target":["https:\/\/www.integrapirineus.com\/equip-huma\/"]}]},{"@type":"BreadcrumbList","@id":"https:\/\/www.integrapirineus.com\/equip-huma\/#breadcrumb","itemListElement":[{"@type":"ListItem","position":1,"name":"Inici","item":"https:\/\/www.integrapirineus.com\/"},{"@type":"ListItem","position":2,"name":"EQUIPO"}]},{"@type":"WebSite","@id":"https:\/\/www.integrapirineus.com\/#website","url":"https:\/\/www.integrapirineus.com\/","name":"Integra Pirineus","description":"Inserci\u00f3 Social i Laboral","publisher":{"@id":"https:\/\/www.integrapirineus.com\/#organization"},"potentialAction":[{"@type":"SearchAction","target":{"@type":"EntryPoint","urlTemplate":"https:\/\/www.integrapirineus.com\/?s={search_term_string}"},"query-input":{"@type":"PropertyValueSpecification","valueRequired":true,"valueName":"search_term_string"}}],"inLanguage":"es"},{"@type":"Organization","@id":"https:\/\/www.integrapirineus.com\/#organization","name":"Integra Pirineus","url":"https:\/\/www.integrapirineus.com\/","logo":{"@type":"ImageObject","inLanguage":"es","@id":"https:\/\/www.integrapirineus.com\/#\/schema\/logo\/image\/","url":"http:\/\/www.integrapirineus.com\/wp-content\/uploads\/2017\/09\/QUI_SOM_LOGO.jpg","contentUrl":"http:\/\/www.integrapirineus.com\/wp-content\/uploads\/2017\/09\/QUI_SOM_LOGO.jpg","width":378,"height":192,"caption":"Integra Pirineus"},"image":{"@id":"https:\/\/www.integrapirineus.com\/#\/schema\/logo\/image\/"},"sameAs":["https:\/\/www.facebook.com\/Integra-Pirineus-548356058558016\/"]}]}},"_links":{"self":[{"href":"https:\/\/www.integrapirineus.com\/es\/wp-json\/wp\/v2\/pages\/3310","targetHints":{"allow":["GET"]}}],"collection":[{"href":"https:\/\/www.integrapirineus.com\/es\/wp-json\/wp\/v2\/pages"}],"about":[{"href":"https:\/\/www.integrapirineus.com\/es\/wp-json\/wp\/v2\/types\/page"}],"author":[{"embeddable":true,"href":"https:\/\/www.integrapirineus.com\/es\/wp-json\/wp\/v2\/users\/1"}],"replies":[{"embeddable":true,"href":"https:\/\/www.integrapirineus.com\/es\/wp-json\/wp\/v2\/comments?post=3310"}],"version-history":[{"count":4,"href":"https:\/\/www.integrapirineus.com\/es\/wp-json\/wp\/v2\/pages\/3310\/revisions"}],"predecessor-version":[{"id":8277,"href":"https:\/\/www.integrapirineus.com\/es\/wp-json\/wp\/v2\/pages\/3310\/revisions\/8277"}],"wp:attachment":[{"href":"https:\/\/www.integrapirineus.com\/es\/wp-json\/wp\/v2\/media?parent=3310"}],"curies":[{"name":"wp","href":"https:\/\/api.w.org\/{rel}","templated":true}]}}